{"id":215760,"date":"2018-05-30T15:23:28","date_gmt":"2018-05-30T19:23:28","guid":{"rendered":"https:\/\/www.patrickbazinet.com\/design-imprime\/"},"modified":"2025-06-25T19:30:17","modified_gmt":"2025-06-25T23:30:17","slug":"design-imprime","status":"publish","type":"page","link":"https:\/\/patrickbazinet.com\/fr\/projets\/design-imprime\/","title":{"rendered":"Conception d&rsquo;imprim\u00e9s"},"content":{"rendered":"\n<div class=\"wp-block-query is-layout-flow wp-block-query-is-layout-flow\"><ul class=\"columns-3 wp-block-post-template is-layout-grid wp-container-core-post-template-is-layout-2f3213d7 wp-block-post-template-is-layout-grid\"><li class=\"wp-block-post post-217631 project type-project status-publish has-post-thumbnail hentry project_category-design-imprime project_tag-affiches project_tag-mise-en-page-du-livre\">\n<figure class=\"wp-block-post-featured-image\"><a href=\"https:\/\/patrickbazinet.com\/fr\/project\/performance-edition\/\" target=\"_self\"  ><img loading=\"lazy\" decoding=\"async\" width=\"512\" height=\"512\" src=\"https:\/\/patrickbazinet.com\/wp-content\/uploads\/2025\/05\/logo-performanceedition.webp\" class=\"attachment-post-thumbnail size-post-thumbnail wp-post-image\" alt=\"Performance \u00c9dition\" style=\"object-fit:cover;box-shadow:var(--wp--preset--shadow--natural);\" srcset=\"https:\/\/patrickbazinet.com\/wp-content\/uploads\/2025\/05\/logo-performanceedition.webp 512w, https:\/\/patrickbazinet.com\/wp-content\/uploads\/2025\/05\/logo-performanceedition-480x480.webp 480w\" sizes=\"(min-width: 0px) and (max-width: 480px) 480px, (min-width: 481px) 512px, 100vw\" \/><\/a><\/figure>\n<\/li><li class=\"wp-block-post post-217629 project type-project status-publish has-post-thumbnail hentry project_category-creation-de-sites-web project_category-design-imprime project_tag-balados project_tag-cartes-daffaires project_tag-edition-video project_tag-logos-fr project_tag-reseaux-sociaux project_tag-site-web project_tag-strategie-de-marque\">\n<figure class=\"wp-block-post-featured-image\"><a href=\"https:\/\/patrickbazinet.com\/fr\/project\/julie-clarke-therapy\/\" target=\"_self\"  ><img loading=\"lazy\" decoding=\"async\" width=\"430\" height=\"430\" src=\"https:\/\/patrickbazinet.com\/wp-content\/uploads\/2025\/06\/project_jct.webp\" class=\"attachment-post-thumbnail size-post-thumbnail wp-post-image\" alt=\"Julie Clarke Therapy\" style=\"object-fit:cover;box-shadow:var(--wp--preset--shadow--natural);\" srcset=\"https:\/\/patrickbazinet.com\/wp-content\/uploads\/2025\/06\/project_jct.webp 430w, https:\/\/patrickbazinet.com\/wp-content\/uploads\/2025\/06\/project_jct-300x300.webp 300w, https:\/\/patrickbazinet.com\/wp-content\/uploads\/2025\/06\/project_jct-150x150.webp 150w\" sizes=\"(max-width: 430px) 100vw, 430px\" \/><\/a><\/figure>\n<\/li><\/ul>\n\n\n\n<\/div>\n","protected":false},"excerpt":{"rendered":"<p>Oui, l\u2019impression est toujours vivante \u2013 et j\u2019adore cr\u00e9er des objets que vous pouvez tenir, \u00e9pingler, distribuer ou laisser accidentellement au caf\u00e9. J\u2019associe des visuels audacieux \u00e0 des messages intelligents pour que vos documents ne finissent pas dans la poubelle de recyclage (du moins pas tout de suite).<\/p>\n","protected":false},"author":1,"featured_media":0,"parent":215963,"menu_order":0,"comment_status":"closed","ping_status":"closed","template":"","meta":{"_et_pb_use_builder":"off","_et_pb_old_content":"","_et_gb_content_width":"","_monsterinsights_skip_tracking":false,"_monsterinsights_sitenote_active":false,"_monsterinsights_sitenote_note":"","_monsterinsights_sitenote_category":0,"footnotes":""},"class_list":["post-215760","page","type-page","status-publish","hentry"],"aioseo_notices":[],"_links":{"self":[{"href":"https:\/\/patrickbazinet.com\/fr\/wp-json\/wp\/v2\/pages\/215760","targetHints":{"allow":["GET"]}}],"collection":[{"href":"https:\/\/patrickbazinet.com\/fr\/wp-json\/wp\/v2\/pages"}],"about":[{"href":"https:\/\/patrickbazinet.com\/fr\/wp-json\/wp\/v2\/types\/page"}],"author":[{"embeddable":true,"href":"https:\/\/patrickbazinet.com\/fr\/wp-json\/wp\/v2\/users\/1"}],"replies":[{"embeddable":true,"href":"https:\/\/patrickbazinet.com\/fr\/wp-json\/wp\/v2\/comments?post=215760"}],"version-history":[{"count":4,"href":"https:\/\/patrickbazinet.com\/fr\/wp-json\/wp\/v2\/pages\/215760\/revisions"}],"predecessor-version":[{"id":217712,"href":"https:\/\/patrickbazinet.com\/fr\/wp-json\/wp\/v2\/pages\/215760\/revisions\/217712"}],"up":[{"embeddable":true,"href":"https:\/\/patrickbazinet.com\/fr\/wp-json\/wp\/v2\/pages\/215963"}],"wp:attachment":[{"href":"https:\/\/patrickbazinet.com\/fr\/wp-json\/wp\/v2\/media?parent=215760"}],"curies":[{"name":"wp","href":"https:\/\/api.w.org\/{rel}","templated":true}]}}